{"id":1569,"date":"2020-04-09T19:35:33","date_gmt":"2020-04-09T17:35:33","guid":{"rendered":"http:\/\/neu.ganymed-brasserie.de\/?page_id=1569"},"modified":"2026-03-02T13:55:39","modified_gmt":"2026-03-02T12:55:39","slug":"3-course-menu","status":"publish","type":"page","link":"https:\/\/www.ganymed-brasserie.de\/en\/menu\/3-course-menu\/","title":{"rendered":"3 course menu"},"content":{"rendered":"<div class=\"wpb-content-wrapper\"><p>[vc_row row_height_percent=&#8221;0&#8243; override_padding=&#8221;yes&#8221; h_padding=&#8221;2&#8243; top_padding=&#8221;3&#8243; bottom_padding=&#8221;3&#8243; overlay_alpha=&#8221;50&#8243; gutter_size=&#8221;3&#8243; column_width_percent=&#8221;100&#8243; shift_y=&#8221;0&#8243; z_index=&#8221;0&#8243;][vc_column width=&#8221;1\/6&#8243;][\/vc_column][vc_column column_width_percent=&#8221;100&#8243; align_horizontal=&#8221;align_center&#8221; gutter_size=&#8221;3&#8243; overlay_alpha=&#8221;50&#8243; shift_x=&#8221;0&#8243; shift_y=&#8221;0&#8243; shift_y_down=&#8221;0&#8243; z_index=&#8221;0&#8243; medium_width=&#8221;0&#8243; mobile_width=&#8221;0&#8243; width=&#8221;2\/3&#8243;][vc_single_image media=&#8221;263&#8243; media_width_use_pixel=&#8221;yes&#8221; alignment=&#8221;center&#8221; media_width_pixel=&#8221;60&#8243;][vc_column_text css=&#8221;.vc_custom_1573032111752{margin-top: 0px !important;}&#8221;]<\/p>\n<h2>Time to enjoy<\/h2>\n<p class=\"h2-subtitle\">For a unique evening<\/p>\n<p><strong>Enjoy a cozy and relaxing evening with a 3-course menu of upscale cuisine.<\/strong><\/p>\n<p>Appetizer, main course as well as dessert are perfectly coordinated and freshly prepared by us from selected ingredients. Just choose your favorite dishes according to your personal preferences.[\/vc_column_text][\/vc_column][vc_column width=&#8221;1\/6&#8243;][\/vc_column][\/vc_row][vc_row row_height_percent=&#8221;0&#8243; override_padding=&#8221;yes&#8221; h_padding=&#8221;2&#8243; top_padding=&#8221;0&#8243; bottom_padding=&#8221;0&#8243; back_image=&#8221;821&#8243; overlay_alpha=&#8221;50&#8243; gutter_size=&#8221;3&#8243; column_width_percent=&#8221;100&#8243; shift_y=&#8221;0&#8243; z_index=&#8221;0&#8243;][vc_column width=&#8221;1\/6&#8243;][\/vc_column][vc_column column_width_percent=&#8221;100&#8243; gutter_size=&#8221;3&#8243; override_padding=&#8221;yes&#8221; column_padding=&#8221;4&#8243; overlay_color=&#8221;color-xsdn&#8221; overlay_alpha=&#8221;80&#8243; shift_x=&#8221;0&#8243; shift_y=&#8221;0&#8243; shift_y_down=&#8221;0&#8243; z_index=&#8221;0&#8243; medium_width=&#8221;0&#8243; mobile_width=&#8221;0&#8243; width=&#8221;2\/3&#8243; link_to=&#8221;|title:3-G%C3%A4nge-Men%C3%BC||&#8221;][vc_column_text border_style=&#8221;solid&#8221; uncode_shortcode_id=&#8221;209427&#8243;]<\/p>\n<h3 style=\"text-align: center; color: #1f2531;\">&#8221; Berlin &#8221;<br \/>\n&#8211; 39,50 \u20ac &#8211;<\/h3>\n<p>[\/vc_column_text][vc_single_image media=&#8221;59&#8243; media_width_use_pixel=&#8221;yes&#8221; alignment=&#8221;center&#8221; media_width_pixel=&#8221;50&#8243; el_class=&#8221;speisekarte-schnoerkel&#8221;][vc_column_text el_class=&#8221;speisekarte no-border&#8221; css=&#8221;.vc_custom_1753794523768{margin-bottom: -25px !important;}&#8221; uncode_shortcode_id=&#8221;203741&#8243;]<\/p>\n<p class=\"p1\"><strong>STARTERS<\/strong><\/p>\n<p>[\/vc_column_text][vc_column_text el_class=&#8221;speisekarte&#8221; uncode_shortcode_id=&#8221;432559&#8243;]<\/p>\n<table>\n<tbody>\n<tr>\n<td>Onion soup with roasted baguette and cheese<\/td>\n<td><\/td>\n<\/tr>\n<\/tbody>\n<\/table>\n<p>[\/vc_column_text][vc_column_text el_class=&#8221;speisekarte no-border&#8221; css=&#8221;.vc_custom_1580210065404{margin-bottom: -25px !important;}&#8221;]<\/p>\n<h4>Selection of main courses<\/h4>\n<p>[\/vc_column_text][vc_column_text el_class=&#8221;speisekarte&#8221; uncode_shortcode_id=&#8221;129593&#8243;]<\/p>\n<table>\n<tbody>\n<tr>\n<td>Tagliolini with fried prawns in herbal Pernod tomato sauce<\/td>\n<td><\/td>\n<\/tr>\n<\/tbody>\n<\/table>\n<p>[\/vc_column_text][vc_column_text el_class=&#8221;speisekarte&#8221; uncode_shortcode_id=&#8221;119843&#8243;]<\/p>\n<table>\n<tbody>\n<tr>\n<td>Choucroute Garnie -8-hour braised pork belly, Alsatian sauerkraut, mashed potatoes<\/td>\n<td><\/td>\n<\/tr>\n<\/tbody>\n<\/table>\n<p>[\/vc_column_text][vc_column_text el_class=&#8221;speisekarte no-border&#8221; css=&#8221;.vc_custom_1580210073925{margin-bottom: -25px !important;}&#8221;]<\/p>\n<h4>Desserts selection<\/h4>\n<p>[\/vc_column_text][vc_column_text el_class=&#8221;speisekarte&#8221;]<\/p>\n<table>\n<tbody>\n<tr>\n<td>Cr\u00e8me br\u00fbl\u00e9e with bourbon vanilla<\/td>\n<td><\/td>\n<\/tr>\n<\/tbody>\n<\/table>\n<p>[\/vc_column_text][\/vc_column][vc_column width=&#8221;1\/6&#8243;][\/vc_column][\/vc_row][vc_row row_height_percent=&#8221;0&#8243; override_padding=&#8221;yes&#8221; h_padding=&#8221;2&#8243; top_padding=&#8221;0&#8243; bottom_padding=&#8221;0&#8243; back_image=&#8221;98&#8243; overlay_alpha=&#8221;50&#8243; gutter_size=&#8221;3&#8243; column_width_percent=&#8221;100&#8243; shift_y=&#8221;0&#8243; z_index=&#8221;0&#8243;][vc_column width=&#8221;1\/6&#8243;][\/vc_column][vc_column column_width_percent=&#8221;100&#8243; gutter_size=&#8221;3&#8243; override_padding=&#8221;yes&#8221; column_padding=&#8221;4&#8243; overlay_color=&#8221;color-xsdn&#8221; overlay_alpha=&#8221;80&#8243; shift_x=&#8221;0&#8243; shift_y=&#8221;0&#8243; shift_y_down=&#8221;0&#8243; z_index=&#8221;0&#8243; medium_width=&#8221;0&#8243; mobile_width=&#8221;0&#8243; width=&#8221;2\/3&#8243; link_to=&#8221;|title:3-G%C3%A4nge-Men%C3%BC||&#8221;][vc_column_text border_style=&#8221;solid&#8221; uncode_shortcode_id=&#8221;194433&#8243;]<\/p>\n<h3 style=\"text-align: center; color: #1f2531;\">&#8221; Paris &#8221;<br \/>\n&#8211; 69,00 \u20ac &#8211;<\/h3>\n<p>[\/vc_column_text][vc_single_image media=&#8221;59&#8243; media_width_use_pixel=&#8221;yes&#8221; alignment=&#8221;center&#8221; media_width_pixel=&#8221;50&#8243; el_class=&#8221;speisekarte-schnoerkel&#8221;][vc_column_text el_class=&#8221;speisekarte no-border&#8221; css=&#8221;.vc_custom_1753794593649{margin-bottom: -25px !important;}&#8221; uncode_shortcode_id=&#8221;194242&#8243;]<\/p>\n<h4>STARTERS<\/h4>\n<p>[\/vc_column_text][vc_column_text el_class=&#8221;speisekarte&#8221; uncode_shortcode_id=&#8221;107672&#8243;]<\/p>\n<table>\n<tbody>\n<tr>\n<td>Lobster soup with prawn<\/td>\n<td><\/td>\n<\/tr>\n<\/tbody>\n<\/table>\n<p>[\/vc_column_text][vc_column_text el_class=&#8221;speisekarte&#8221; uncode_shortcode_id=&#8221;164743&#8243;]<\/p>\n<table>\n<tbody>\n<tr>\n<td>Battered goat cheese: Grilled goat cheese with black pudding, onion<br \/>\njam, brioche, paprika chutney and walnut crumble<\/td>\n<td><\/td>\n<\/tr>\n<\/tbody>\n<\/table>\n<p>[\/vc_column_text][vc_column_text el_class=&#8221;speisekarte no-border&#8221; css=&#8221;.vc_custom_1580210112150{margin-bottom: -25px !important;}&#8221;]<\/p>\n<h4>Choice of main courses<\/h4>\n<p>[\/vc_column_text][vc_column_text el_class=&#8221;speisekarte&#8221; uncode_shortcode_id=&#8221;101225&#8243;]<\/p>\n<table>\n<tbody>\n<tr>\n<td>\u00bd LOBSTER with tagliolini in truffle butter, braised cherry tomatoes, rouille<\/td>\n<td><\/td>\n<\/tr>\n<\/tbody>\n<\/table>\n<p>[\/vc_column_text][vc_column_text el_class=&#8221;speisekarte&#8221; uncode_shortcode_id=&#8221;614565&#8243;]<\/p>\n<table>\n<tbody>\n<tr>\n<td>Beef fillet \u00abSurf &amp; Turf\u00bb (180g) from the lava stone grill with black tiger prawn, beetroot and potato mousseline and pak choi<\/td>\n<td><\/td>\n<\/tr>\n<\/tbody>\n<\/table>\n<p>[\/vc_column_text][vc_column_text el_class=&#8221;speisekarte no-border&#8221; css=&#8221;.vc_custom_1580210118326{margin-bottom: -25px !important;}&#8221;]<\/p>\n<h4>Desserts selection<\/h4>\n<p>[\/vc_column_text][vc_column_text el_class=&#8221;speisekarte&#8221; uncode_shortcode_id=&#8221;148327&#8243;]<\/p>\n<table>\n<tbody>\n<tr>\n<td>Dark chocolate mousse with minty cardamom berries<\/td>\n<td><\/td>\n<\/tr>\n<\/tbody>\n<\/table>\n<p>[\/vc_column_text][vc_column_text el_class=&#8221;speisekarte&#8221; uncode_shortcode_id=&#8221;396098&#8243;]<\/p>\n<table>\n<tbody>\n<tr>\n<td>Cr\u00e8me Br\u00fbl\u00e9e with Bourbon vanilla<\/td>\n<td><\/td>\n<\/tr>\n<\/tbody>\n<\/table>\n<p>[\/vc_column_text][vc_column_text]<\/p>\n<p style=\"text-align: right;\"><small>Note: Errors and changes at short notice excepted.<\/small><\/p>\n<p>[\/vc_column_text][vc_column_text]<\/p>\n<p style=\"text-align: center;\"><a class=\"main-subbutton btn-subpage\" style=\"display: inline; border: 1px solid #c19536 !important;\" href=\"https:\/\/www.ganymed-brasserie.de\/en\/menu\/\">To the menu<\/a><\/p>\n<p>[\/vc_column_text][\/vc_column][vc_column width=&#8221;1\/6&#8243;][\/vc_column][\/vc_row]<\/p>\n<\/div>","protected":false},"excerpt":{"rendered":"<p>[vc_row row_height_percent=&#8221;0&#8243; override_padding=&#8221;yes&#8221; h_padding=&#8221;2&#8243; top_padding=&#8221;3&#8243; bottom_padding=&#8221;3&#8243; overlay_alpha=&#8221;50&#8243; gutter_size=&#8221;3&#8243; column_width_percent=&#8221;100&#8243; shift_y=&#8221;0&#8243; z_index=&#8221;0&#8243;][vc_column width=&#8221;1\/6&#8243;][\/vc_column][vc_column column_width_percent=&#8221;100&#8243; align_horizontal=&#8221;align_center&#8221; gutter_size=&#8221;3&#8243; overlay_alpha=&#8221;50&#8243; shift_x=&#8221;0&#8243; shift_y=&#8221;0&#8243; shift_y_down=&#8221;0&#8243; z_index=&#8221;0&#8243; [&hellip;]<\/p>\n","protected":false},"author":2,"featured_media":592,"parent":1543,"menu_order":0,"comment_status":"closed","ping_status":"closed","template":"","meta":{"footnotes":""},"class_list":["post-1569","page","type-page","status-publish","has-post-thumbnail","hentry"],"yoast_head":"<!-- This site is optimized with the Yoast SEO plugin v27.0 - https:\/\/yoast.com\/product\/yoast-seo-wordpress\/ -->\n<title>3 course menu - Ganymed Brasserie<\/title>\n<meta name=\"robots\" content=\"index, follow, max-snippet:-1, max-image-preview:large, max-video-preview:-1\" \/>\n<link rel=\"canonical\" href=\"https:\/\/www.ganymed-brasserie.de\/en\/menu\/3-course-menu\/\" \/>\n<meta property=\"og:locale\" content=\"en_US\" \/>\n<meta property=\"og:type\" content=\"article\" \/>\n<meta property=\"og:title\" content=\"3 course menu - Ganymed Brasserie\" \/>\n<meta property=\"og:description\" content=\"[vc_row row_height_percent=&#8221;0&#8243; override_padding=&#8221;yes&#8221; h_padding=&#8221;2&#8243; top_padding=&#8221;3&#8243; bottom_padding=&#8221;3&#8243; overlay_alpha=&#8221;50&#8243; gutter_size=&#8221;3&#8243; column_width_percent=&#8221;100&#8243; shift_y=&#8221;0&#8243; z_index=&#8221;0&#8243;][vc_column width=&#8221;1\/6&#8243;][\/vc_column][vc_column column_width_percent=&#8221;100&#8243; align_horizontal=&#8221;align_center&#8221; gutter_size=&#8221;3&#8243; overlay_alpha=&#8221;50&#8243; shift_x=&#8221;0&#8243; shift_y=&#8221;0&#8243; shift_y_down=&#8221;0&#8243; z_index=&#8221;0&#8243; [&hellip;]\" \/>\n<meta property=\"og:url\" content=\"https:\/\/www.ganymed-brasserie.de\/en\/menu\/3-course-menu\/\" \/>\n<meta property=\"og:site_name\" content=\"Ganymed Brasserie\" \/>\n<meta property=\"article:modified_time\" content=\"2026-03-02T12:55:39+00:00\" \/>\n<meta property=\"og:image\" content=\"https:\/\/www.ganymed-brasserie.de\/wp-content\/uploads\/2019\/08\/3-gaenge-manue-ganymed-1.jpg\" \/>\n\t<meta property=\"og:image:width\" content=\"1620\" \/>\n\t<meta property=\"og:image:height\" content=\"1080\" \/>\n\t<meta property=\"og:image:type\" content=\"image\/jpeg\" \/>\n<meta name=\"twitter:card\" content=\"summary_large_image\" \/>\n<meta name=\"twitter:label1\" content=\"Est. reading time\" \/>\n\t<meta name=\"twitter:data1\" content=\"3 minutes\" \/>\n<script type=\"application\/ld+json\" class=\"yoast-schema-graph\">{\"@context\":\"https:\/\/schema.org\",\"@graph\":[{\"@type\":\"WebPage\",\"@id\":\"https:\/\/www.ganymed-brasserie.de\/en\/menu\/3-course-menu\/\",\"url\":\"https:\/\/www.ganymed-brasserie.de\/en\/menu\/3-course-menu\/\",\"name\":\"3 course menu - Ganymed Brasserie\",\"isPartOf\":{\"@id\":\"https:\/\/www.ganymed-brasserie.de\/#website\"},\"primaryImageOfPage\":{\"@id\":\"https:\/\/www.ganymed-brasserie.de\/en\/menu\/3-course-menu\/#primaryimage\"},\"image\":{\"@id\":\"https:\/\/www.ganymed-brasserie.de\/en\/menu\/3-course-menu\/#primaryimage\"},\"thumbnailUrl\":\"https:\/\/www.ganymed-brasserie.de\/wp-content\/uploads\/2019\/08\/3-gaenge-manue-ganymed-1.jpg\",\"datePublished\":\"2020-04-09T17:35:33+00:00\",\"dateModified\":\"2026-03-02T12:55:39+00:00\",\"breadcrumb\":{\"@id\":\"https:\/\/www.ganymed-brasserie.de\/en\/menu\/3-course-menu\/#breadcrumb\"},\"inLanguage\":\"en-US\",\"potentialAction\":[{\"@type\":\"ReadAction\",\"target\":[\"https:\/\/www.ganymed-brasserie.de\/en\/menu\/3-course-menu\/\"]}]},{\"@type\":\"ImageObject\",\"inLanguage\":\"en-US\",\"@id\":\"https:\/\/www.ganymed-brasserie.de\/en\/menu\/3-course-menu\/#primaryimage\",\"url\":\"https:\/\/www.ganymed-brasserie.de\/wp-content\/uploads\/2019\/08\/3-gaenge-manue-ganymed-1.jpg\",\"contentUrl\":\"https:\/\/www.ganymed-brasserie.de\/wp-content\/uploads\/2019\/08\/3-gaenge-manue-ganymed-1.jpg\",\"width\":1620,\"height\":1080},{\"@type\":\"BreadcrumbList\",\"@id\":\"https:\/\/www.ganymed-brasserie.de\/en\/menu\/3-course-menu\/#breadcrumb\",\"itemListElement\":[{\"@type\":\"ListItem\",\"position\":1,\"name\":\"Startseite\",\"item\":\"https:\/\/www.ganymed-brasserie.de\/en\/\"},{\"@type\":\"ListItem\",\"position\":2,\"name\":\"Menu\",\"item\":\"https:\/\/www.ganymed-brasserie.de\/en\/menu\/\"},{\"@type\":\"ListItem\",\"position\":3,\"name\":\"3 course menu\"}]},{\"@type\":\"WebSite\",\"@id\":\"https:\/\/www.ganymed-brasserie.de\/#website\",\"url\":\"https:\/\/www.ganymed-brasserie.de\/\",\"name\":\"Ganymed Brasserie\",\"description\":\"Vive la France am Schiffbauerdamm\",\"potentialAction\":[{\"@type\":\"SearchAction\",\"target\":{\"@type\":\"EntryPoint\",\"urlTemplate\":\"https:\/\/www.ganymed-brasserie.de\/?s={search_term_string}\"},\"query-input\":{\"@type\":\"PropertyValueSpecification\",\"valueRequired\":true,\"valueName\":\"search_term_string\"}}],\"inLanguage\":\"en-US\"}]}<\/script>\n<!-- \/ Yoast SEO plugin. -->","yoast_head_json":{"title":"3 course menu - Ganymed Brasserie","robots":{"index":"index","follow":"follow","max-snippet":"max-snippet:-1","max-image-preview":"max-image-preview:large","max-video-preview":"max-video-preview:-1"},"canonical":"https:\/\/www.ganymed-brasserie.de\/en\/menu\/3-course-menu\/","og_locale":"en_US","og_type":"article","og_title":"3 course menu - Ganymed Brasserie","og_description":"[vc_row row_height_percent=&#8221;0&#8243; override_padding=&#8221;yes&#8221; h_padding=&#8221;2&#8243; top_padding=&#8221;3&#8243; bottom_padding=&#8221;3&#8243; overlay_alpha=&#8221;50&#8243; gutter_size=&#8221;3&#8243; column_width_percent=&#8221;100&#8243; shift_y=&#8221;0&#8243; z_index=&#8221;0&#8243;][vc_column width=&#8221;1\/6&#8243;][\/vc_column][vc_column column_width_percent=&#8221;100&#8243; align_horizontal=&#8221;align_center&#8221; gutter_size=&#8221;3&#8243; overlay_alpha=&#8221;50&#8243; shift_x=&#8221;0&#8243; shift_y=&#8221;0&#8243; shift_y_down=&#8221;0&#8243; z_index=&#8221;0&#8243; [&hellip;]","og_url":"https:\/\/www.ganymed-brasserie.de\/en\/menu\/3-course-menu\/","og_site_name":"Ganymed Brasserie","article_modified_time":"2026-03-02T12:55:39+00:00","og_image":[{"width":1620,"height":1080,"url":"https:\/\/www.ganymed-brasserie.de\/wp-content\/uploads\/2019\/08\/3-gaenge-manue-ganymed-1.jpg","type":"image\/jpeg"}],"twitter_card":"summary_large_image","twitter_misc":{"Est. reading time":"3 minutes"},"schema":{"@context":"https:\/\/schema.org","@graph":[{"@type":"WebPage","@id":"https:\/\/www.ganymed-brasserie.de\/en\/menu\/3-course-menu\/","url":"https:\/\/www.ganymed-brasserie.de\/en\/menu\/3-course-menu\/","name":"3 course menu - Ganymed Brasserie","isPartOf":{"@id":"https:\/\/www.ganymed-brasserie.de\/#website"},"primaryImageOfPage":{"@id":"https:\/\/www.ganymed-brasserie.de\/en\/menu\/3-course-menu\/#primaryimage"},"image":{"@id":"https:\/\/www.ganymed-brasserie.de\/en\/menu\/3-course-menu\/#primaryimage"},"thumbnailUrl":"https:\/\/www.ganymed-brasserie.de\/wp-content\/uploads\/2019\/08\/3-gaenge-manue-ganymed-1.jpg","datePublished":"2020-04-09T17:35:33+00:00","dateModified":"2026-03-02T12:55:39+00:00","breadcrumb":{"@id":"https:\/\/www.ganymed-brasserie.de\/en\/menu\/3-course-menu\/#breadcrumb"},"inLanguage":"en-US","potentialAction":[{"@type":"ReadAction","target":["https:\/\/www.ganymed-brasserie.de\/en\/menu\/3-course-menu\/"]}]},{"@type":"ImageObject","inLanguage":"en-US","@id":"https:\/\/www.ganymed-brasserie.de\/en\/menu\/3-course-menu\/#primaryimage","url":"https:\/\/www.ganymed-brasserie.de\/wp-content\/uploads\/2019\/08\/3-gaenge-manue-ganymed-1.jpg","contentUrl":"https:\/\/www.ganymed-brasserie.de\/wp-content\/uploads\/2019\/08\/3-gaenge-manue-ganymed-1.jpg","width":1620,"height":1080},{"@type":"BreadcrumbList","@id":"https:\/\/www.ganymed-brasserie.de\/en\/menu\/3-course-menu\/#breadcrumb","itemListElement":[{"@type":"ListItem","position":1,"name":"Startseite","item":"https:\/\/www.ganymed-brasserie.de\/en\/"},{"@type":"ListItem","position":2,"name":"Menu","item":"https:\/\/www.ganymed-brasserie.de\/en\/menu\/"},{"@type":"ListItem","position":3,"name":"3 course menu"}]},{"@type":"WebSite","@id":"https:\/\/www.ganymed-brasserie.de\/#website","url":"https:\/\/www.ganymed-brasserie.de\/","name":"Ganymed Brasserie","description":"Vive la France am Schiffbauerdamm","potentialAction":[{"@type":"SearchAction","target":{"@type":"EntryPoint","urlTemplate":"https:\/\/www.ganymed-brasserie.de\/?s={search_term_string}"},"query-input":{"@type":"PropertyValueSpecification","valueRequired":true,"valueName":"search_term_string"}}],"inLanguage":"en-US"}]}},"_links":{"self":[{"href":"https:\/\/www.ganymed-brasserie.de\/en\/wp-json\/wp\/v2\/pages\/1569","targetHints":{"allow":["GET"]}}],"collection":[{"href":"https:\/\/www.ganymed-brasserie.de\/en\/wp-json\/wp\/v2\/pages"}],"about":[{"href":"https:\/\/www.ganymed-brasserie.de\/en\/wp-json\/wp\/v2\/types\/page"}],"author":[{"embeddable":true,"href":"https:\/\/www.ganymed-brasserie.de\/en\/wp-json\/wp\/v2\/users\/2"}],"replies":[{"embeddable":true,"href":"https:\/\/www.ganymed-brasserie.de\/en\/wp-json\/wp\/v2\/comments?post=1569"}],"version-history":[{"count":11,"href":"https:\/\/www.ganymed-brasserie.de\/en\/wp-json\/wp\/v2\/pages\/1569\/revisions"}],"predecessor-version":[{"id":5541,"href":"https:\/\/www.ganymed-brasserie.de\/en\/wp-json\/wp\/v2\/pages\/1569\/revisions\/5541"}],"up":[{"embeddable":true,"href":"https:\/\/www.ganymed-brasserie.de\/en\/wp-json\/wp\/v2\/pages\/1543"}],"wp:featuredmedia":[{"embeddable":true,"href":"https:\/\/www.ganymed-brasserie.de\/en\/wp-json\/wp\/v2\/media\/592"}],"wp:attachment":[{"href":"https:\/\/www.ganymed-brasserie.de\/en\/wp-json\/wp\/v2\/media?parent=1569"}],"curies":[{"name":"wp","href":"https:\/\/api.w.org\/{rel}","templated":true}]}}