{"id":1564,"date":"2020-04-09T14:22:03","date_gmt":"2020-04-09T12:22:03","guid":{"rendered":"http:\/\/neu.ganymed-brasserie.de\/?page_id=1564"},"modified":"2026-03-02T11:54:16","modified_gmt":"2026-03-02T10:54:16","slug":"seafood","status":"publish","type":"page","link":"https:\/\/www.ganymed-brasserie.de\/en\/menu\/seafood\/","title":{"rendered":"Seafood"},"content":{"rendered":"<div class=\"wpb-content-wrapper\"><p>[vc_row row_height_percent=&#8221;0&#8243; override_padding=&#8221;yes&#8221; h_padding=&#8221;2&#8243; top_padding=&#8221;3&#8243; bottom_padding=&#8221;3&#8243; overlay_alpha=&#8221;50&#8243; gutter_size=&#8221;3&#8243; column_width_percent=&#8221;100&#8243; shift_y=&#8221;0&#8243; z_index=&#8221;0&#8243;][vc_column width=&#8221;1\/6&#8243;][\/vc_column][vc_column column_width_percent=&#8221;100&#8243; align_horizontal=&#8221;align_center&#8221; gutter_size=&#8221;3&#8243; overlay_alpha=&#8221;50&#8243; shift_x=&#8221;0&#8243; shift_y=&#8221;0&#8243; shift_y_down=&#8221;0&#8243; z_index=&#8221;0&#8243; medium_width=&#8221;0&#8243; mobile_width=&#8221;0&#8243; width=&#8221;2\/3&#8243;][vc_single_image media=&#8221;263&#8243; media_width_use_pixel=&#8221;yes&#8221; alignment=&#8221;center&#8221; media_width_pixel=&#8221;60&#8243;][vc_column_text css=&#8221;.vc_custom_1693128470257{margin-top: 0px !important;}&#8221; uncode_shortcode_id=&#8221;139813&#8243;]<\/p>\n<h2>Fresh from the sea<\/h2>\n<p class=\"h2-subtitle\">Salty and aromatic<\/p>\n<p><strong>Seafood is considered a true delicacy and should not be missing in any French fresh restaurant.<\/strong><\/p>\n<p>Our noble crustaceans come from the best origins and offer an exceptional taste experience, which is very popular among connoisseurs. Fines de Claire oysters are refined with fresh seawater for several weeks to obtain a very pure, subtle aroma.[\/vc_column_text][\/vc_column][vc_column width=&#8221;1\/6&#8243;][\/vc_column][\/vc_row][vc_row row_height_percent=&#8221;0&#8243; override_padding=&#8221;yes&#8221; h_padding=&#8221;2&#8243; top_padding=&#8221;0&#8243; bottom_padding=&#8221;0&#8243; back_image=&#8221;4432&#8243; overlay_alpha=&#8221;50&#8243; gutter_size=&#8221;3&#8243; column_width_percent=&#8221;100&#8243; shift_y=&#8221;0&#8243; z_index=&#8221;0&#8243; uncode_shortcode_id=&#8221;939352&#8243;][vc_column width=&#8221;1\/6&#8243;][\/vc_column][vc_column column_width_percent=&#8221;100&#8243; gutter_size=&#8221;3&#8243; override_padding=&#8221;yes&#8221; column_padding=&#8221;4&#8243; overlay_color=&#8221;color-xsdn&#8221; overlay_alpha=&#8221;80&#8243; shift_x=&#8221;0&#8243; shift_y=&#8221;0&#8243; shift_y_down=&#8221;0&#8243; z_index=&#8221;0&#8243; medium_width=&#8221;0&#8243; mobile_width=&#8221;0&#8243; width=&#8221;2\/3&#8243; link_to=&#8221;|title:Austern%20und%20Garnelen||&#8221;][vc_column_text border_style=&#8221;solid&#8221;]<\/p>\n<h2 class=\"speisekarte-h2\" style=\"text-align: center;\">Food<\/h2>\n<p>[\/vc_column_text][vc_single_image media=&#8221;59&#8243; media_width_use_pixel=&#8221;yes&#8221; alignment=&#8221;center&#8221; media_width_pixel=&#8221;50&#8243; el_class=&#8221;speisekarte-schnoerkel&#8221;][vc_column_text el_class=&#8221;speisekarte no-border&#8221; css=&#8221;.vc_custom_1693128560969{margin-bottom: -25px !important;}&#8221; uncode_shortcode_id=&#8221;110173&#8243;]<\/p>\n<h4>Appetizers with seafood<\/h4>\n<p>[\/vc_column_text][vc_column_text el_class=&#8221;speisekarte&#8221; uncode_shortcode_id=&#8221;159533&#8243;]<\/p>\n<table>\n<tbody>\n<tr>\n<td>ROSA CREVETTEN<br \/>\nPink shrimp, mouth-peeled and blanched,<br \/>\nwith rouille, cocktail sauce<br \/>\n6 piece<\/td>\n<td>12,50 \u20ac<\/td>\n<\/tr>\n<tr>\n<td>12 piece<\/td>\n<td>25,00 \u20ac<\/td>\n<\/tr>\n<\/tbody>\n<\/table>\n<p>[\/vc_column_text][vc_column_text el_class=&#8221;speisekarte&#8221; uncode_shortcode_id=&#8221;134579&#8243;]<\/p>\n<table>\n<tbody>\n<tr>\n<td>OYSTERS &#8220;FINE DE CLAIRE&#8221;<br \/>\nWith lemon and raspberry vinegar with shallots<br \/>\n3 piece<\/td>\n<td>15,00 \u20ac<\/td>\n<\/tr>\n<tr>\n<td>6 piece<\/td>\n<td>27,50 \u20ac<\/td>\n<\/tr>\n<\/tbody>\n<\/table>\n<p>[\/vc_column_text][vc_column_text el_class=&#8221;speisekarte&#8221; uncode_shortcode_id=&#8221;471954&#8243;]<\/p>\n<table>\n<tbody>\n<tr>\n<td>SEAFOOD SALAD<br \/>\nShrimps, scallops, octopus, artichoke, lemon, olives, dried tomatoes,<br \/>\ncapers, roasted bread chip<\/td>\n<td>19,50 \u20ac<\/td>\n<\/tr>\n<\/tbody>\n<\/table>\n<p>[\/vc_column_text][vc_column_text el_class=&#8221;speisekarte&#8221; uncode_shortcode_id=&#8221;143977&#8243;]<\/p>\n<table>\n<tbody>\n<tr>\n<td>GAMBAS AL AJILLO<br \/>\n5 king prawns, olive oil, braised baby tomatoes, chili-herb-garlic<br \/>\nbutter<\/td>\n<td>15,50 \u20ac<\/td>\n<\/tr>\n<\/tbody>\n<\/table>\n<p>[\/vc_column_text][vc_column_text el_class=&#8221;speisekarte&#8221; uncode_shortcode_id=&#8221;154658&#8243;]<\/p>\n<table>\n<tbody>\n<tr>\n<td>LOBSTER SOUP<br \/>\nWith prawns<\/td>\n<td>17,50 \u20ac<\/td>\n<\/tr>\n<\/tbody>\n<\/table>\n<p>[\/vc_column_text][vc_column_text el_class=&#8221;speisekarte&#8221; uncode_shortcode_id=&#8221;200159&#8243;]<\/p>\n<table>\n<tbody>\n<tr>\n<td>FRIED SCALLOPS<br \/>\nWith young pea cream, saffron risotto praline and crustacean chutney<\/td>\n<td>22,50 \u20ac<\/td>\n<\/tr>\n<\/tbody>\n<\/table>\n<p>[\/vc_column_text][vc_column_text el_class=&#8221;speisekarte no-border&#8221; css=&#8221;.vc_custom_1772448688009{margin-bottom: -25px !important;}&#8221; uncode_shortcode_id=&#8221;376692&#8243;]<\/p>\n<h4>\u00c9tag\u00e8res &#8211; La mer enti\u00e8re pour deux<\/h4>\n<p>[\/vc_column_text][vc_column_text el_class=&#8221;speisekarte&#8221; uncode_shortcode_id=&#8221;295381&#8243;]<\/p>\n<table>\n<tbody>\n<tr>\n<td>LE BISTRO<br \/>\nOYSTERS &#8220;Fine de Claire&#8221; &#8211; 8 pcs.<br \/>\n6 oysters, 4 pink shrimp,<br \/>\n500 g mussels, pink shrimp<\/td>\n<td>\n59,00 \u20ac<\/td>\n<\/tr>\n<\/tbody>\n<\/table>\n<p>[\/vc_column_text][vc_column_text el_class=&#8221;speisekarte&#8221; uncode_shortcode_id=&#8221;710256&#8243;]<\/p>\n<table>\n<tbody>\n<tr>\n<td>LE ROYAL<br \/>\n6 oysters, lobster cocktail,<br \/>\n4 pink shrimp,<br \/>\n500 g mussels,<br \/>\nshrimp rose<\/td>\n<td>\n110,00 \u20ac<\/td>\n<\/tr>\n<\/tbody>\n<\/table>\n<p>[\/vc_column_text][vc_column_text el_class=&#8221;speisekarte&#8221; uncode_shortcode_id=&#8221;287455&#8243;]<\/p>\n<table>\n<tbody>\n<tr>\n<td>LE PIETRO<br \/>\n12 oysters, \u00bd lobster,<br \/>\n12 pink shrimp,<br \/>\n500 g mussels,<br \/>\n\u00bd langoustine, 20 g caviar<\/td>\n<td>210,00 \u20ac<\/td>\n<\/tr>\n<\/tbody>\n<\/table>\n<p>[\/vc_column_text][vc_column_text el_class=&#8221;speisekarte&#8221; uncode_shortcode_id=&#8221;109173&#8243;]<\/p>\n<table>\n<tbody>\n<tr>\n<td>LE GANYMED<br \/>\n24 oysters, 1 lobsters,<br \/>\n18 pink shrimp,<br \/>\n500 g mussels,<br \/>\n1 langoustines, 40 g caviar<\/td>\n<td>390,00 \u20ac<\/td>\n<\/tr>\n<\/tbody>\n<\/table>\n<p>[\/vc_column_text][vc_column_text el_class=&#8221;speisekarte no-border&#8221; css=&#8221;.vc_custom_1725000396369{margin-bottom: -25px !important;}&#8221; uncode_shortcode_id=&#8221;171615&#8243;]<\/p>\n<h4>Seafood<\/h4>\n<p>Served with Beurre Blanc[\/vc_column_text][vc_column_text el_class=&#8221;speisekarte&#8221; uncode_shortcode_id=&#8221;199467&#8243;]<\/p>\n<table>\n<tbody>\n<tr>\n<td>1\/2 LOBSTER<br \/>\nWith tagliolini in truffle butter, braised cherry tomatoes, Hummer Bisque<\/td>\n<td>44,00 \u20ac<\/td>\n<\/tr>\n<\/tbody>\n<\/table>\n<p>[\/vc_column_text][vc_column_text el_class=&#8221;speisekarte&#8221; uncode_shortcode_id=&#8221;206938&#8243;]<\/p>\n<table>\n<tbody>\n<tr>\n<td>1\/2 LOBSTER<br \/>\nwith saffron risotto, pak choy, Beurre Blanc<\/td>\n<td>46,00 \u20ac<\/td>\n<\/tr>\n<\/tbody>\n<\/table>\n<p>[\/vc_column_text][vc_column_text el_class=&#8221;speisekarte no-border&#8221; css=&#8221;.vc_custom_1693129048044{margin-bottom: -25px !important;}&#8221; uncode_shortcode_id=&#8221;863999&#8243;]<\/p>\n<h4>To share<\/h4>\n<p>[\/vc_column_text][vc_column_text el_class=&#8221;speisekarte&#8221; uncode_shortcode_id=&#8221;133964&#8243;]<\/p>\n<table>\n<tbody>\n<tr>\n<td>MIXED GRILLED FISH \u2013 2+ PERSONS<br \/>\nScallops, octopus, salmon fillet, black tiger king prawns,<br \/>\nBeurre Blanc, rouille &amp; salad<\/td>\n<td>Per person<br \/>\n48,00 \u20ac<\/td>\n<\/tr>\n<\/tbody>\n<\/table>\n<p>[\/vc_column_text][vc_column_text el_class=&#8221;speisekarte&#8221; uncode_shortcode_id=&#8221;180805&#8243;]<\/p>\n<table>\n<tbody>\n<tr>\n<td>MIXED GRILLED FISH ROYAL \u2013 2+ PERSONS<br \/>\nScallops, \u00bd lobster, black tiger king prawns, \u00bd crawfish, Beurre<br \/>\nBlanc, rouille, pont-neuf fries &amp; salad<\/td>\n<td>Per person<br \/>\n65,00 \u20ac<\/td>\n<\/tr>\n<\/tbody>\n<\/table>\n<p>[\/vc_column_text][vc_column_text]<\/p>\n<p style=\"text-align: right;\"><small>Note: Errors and changes at short notice excepted.<\/small><\/p>\n<p>[\/vc_column_text][vc_column_text]<\/p>\n<p style=\"text-align: center;\"><a class=\"main-subbutton btn-subpage\" style=\"display: inline; border: 1px solid #c19536 !important;\" href=\"https:\/\/www.ganymed-brasserie.de\/en\/menu\/\">To the menu<\/a><\/p>\n<p>[\/vc_column_text][\/vc_column][vc_column width=&#8221;1\/6&#8243;][\/vc_column][\/vc_row]<\/p>\n<\/div>","protected":false},"excerpt":{"rendered":"<p>[vc_row row_height_percent=&#8221;0&#8243; override_padding=&#8221;yes&#8221; h_padding=&#8221;2&#8243; top_padding=&#8221;3&#8243; bottom_padding=&#8221;3&#8243; overlay_alpha=&#8221;50&#8243; gutter_size=&#8221;3&#8243; column_width_percent=&#8221;100&#8243; shift_y=&#8221;0&#8243; z_index=&#8221;0&#8243;][vc_column width=&#8221;1\/6&#8243;][\/vc_column][vc_column column_width_percent=&#8221;100&#8243; align_horizontal=&#8221;align_center&#8221; gutter_size=&#8221;3&#8243; overlay_alpha=&#8221;50&#8243; shift_x=&#8221;0&#8243; shift_y=&#8221;0&#8243; shift_y_down=&#8221;0&#8243; z_index=&#8221;0&#8243; [&hellip;]<\/p>\n","protected":false},"author":2,"featured_media":3517,"parent":1543,"menu_order":0,"comment_status":"closed","ping_status":"closed","template":"","meta":{"footnotes":""},"class_list":["post-1564","page","type-page","status-publish","has-post-thumbnail","hentry"],"yoast_head":"<!-- This site is optimized with the Yoast SEO plugin v27.0 - https:\/\/yoast.com\/product\/yoast-seo-wordpress\/ -->\n<title>Seafood - Ganymed Brasserie<\/title>\n<meta name=\"robots\" content=\"index, follow, max-snippet:-1, max-image-preview:large, max-video-preview:-1\" \/>\n<link rel=\"canonical\" href=\"https:\/\/www.ganymed-brasserie.de\/en\/menu\/seafood\/\" \/>\n<meta property=\"og:locale\" content=\"en_US\" \/>\n<meta property=\"og:type\" content=\"article\" \/>\n<meta property=\"og:title\" content=\"Seafood - Ganymed Brasserie\" \/>\n<meta property=\"og:description\" content=\"[vc_row row_height_percent=&#8221;0&#8243; override_padding=&#8221;yes&#8221; h_padding=&#8221;2&#8243; top_padding=&#8221;3&#8243; bottom_padding=&#8221;3&#8243; overlay_alpha=&#8221;50&#8243; gutter_size=&#8221;3&#8243; column_width_percent=&#8221;100&#8243; shift_y=&#8221;0&#8243; z_index=&#8221;0&#8243;][vc_column width=&#8221;1\/6&#8243;][\/vc_column][vc_column column_width_percent=&#8221;100&#8243; align_horizontal=&#8221;align_center&#8221; gutter_size=&#8221;3&#8243; overlay_alpha=&#8221;50&#8243; shift_x=&#8221;0&#8243; shift_y=&#8221;0&#8243; shift_y_down=&#8221;0&#8243; z_index=&#8221;0&#8243; [&hellip;]\" \/>\n<meta property=\"og:url\" content=\"https:\/\/www.ganymed-brasserie.de\/en\/menu\/seafood\/\" \/>\n<meta property=\"og:site_name\" content=\"Ganymed Brasserie\" \/>\n<meta property=\"article:modified_time\" content=\"2026-03-02T10:54:16+00:00\" \/>\n<meta property=\"og:image\" content=\"https:\/\/www.ganymed-brasserie.de\/wp-content\/uploads\/2022\/05\/hummerbox_selina_schrader-3.jpeg\" \/>\n\t<meta property=\"og:image:width\" content=\"2376\" \/>\n\t<meta property=\"og:image:height\" content=\"1584\" \/>\n\t<meta property=\"og:image:type\" content=\"image\/jpeg\" \/>\n<meta name=\"twitter:card\" content=\"summary_large_image\" \/>\n<meta name=\"twitter:label1\" content=\"Est. reading time\" \/>\n\t<meta name=\"twitter:data1\" content=\"3 minutes\" \/>\n<script type=\"application\/ld+json\" class=\"yoast-schema-graph\">{\"@context\":\"https:\/\/schema.org\",\"@graph\":[{\"@type\":\"WebPage\",\"@id\":\"https:\/\/www.ganymed-brasserie.de\/en\/menu\/seafood\/\",\"url\":\"https:\/\/www.ganymed-brasserie.de\/en\/menu\/seafood\/\",\"name\":\"Seafood - Ganymed Brasserie\",\"isPartOf\":{\"@id\":\"https:\/\/www.ganymed-brasserie.de\/#website\"},\"primaryImageOfPage\":{\"@id\":\"https:\/\/www.ganymed-brasserie.de\/en\/menu\/seafood\/#primaryimage\"},\"image\":{\"@id\":\"https:\/\/www.ganymed-brasserie.de\/en\/menu\/seafood\/#primaryimage\"},\"thumbnailUrl\":\"https:\/\/www.ganymed-brasserie.de\/wp-content\/uploads\/2022\/05\/hummerbox_selina_schrader-3.jpeg\",\"datePublished\":\"2020-04-09T12:22:03+00:00\",\"dateModified\":\"2026-03-02T10:54:16+00:00\",\"breadcrumb\":{\"@id\":\"https:\/\/www.ganymed-brasserie.de\/en\/menu\/seafood\/#breadcrumb\"},\"inLanguage\":\"en-US\",\"potentialAction\":[{\"@type\":\"ReadAction\",\"target\":[\"https:\/\/www.ganymed-brasserie.de\/en\/menu\/seafood\/\"]}]},{\"@type\":\"ImageObject\",\"inLanguage\":\"en-US\",\"@id\":\"https:\/\/www.ganymed-brasserie.de\/en\/menu\/seafood\/#primaryimage\",\"url\":\"https:\/\/www.ganymed-brasserie.de\/wp-content\/uploads\/2022\/05\/hummerbox_selina_schrader-3.jpeg\",\"contentUrl\":\"https:\/\/www.ganymed-brasserie.de\/wp-content\/uploads\/2022\/05\/hummerbox_selina_schrader-3.jpeg\",\"width\":2376,\"height\":1584},{\"@type\":\"BreadcrumbList\",\"@id\":\"https:\/\/www.ganymed-brasserie.de\/en\/menu\/seafood\/#breadcrumb\",\"itemListElement\":[{\"@type\":\"ListItem\",\"position\":1,\"name\":\"Startseite\",\"item\":\"https:\/\/www.ganymed-brasserie.de\/en\/\"},{\"@type\":\"ListItem\",\"position\":2,\"name\":\"Menu\",\"item\":\"https:\/\/www.ganymed-brasserie.de\/en\/menu\/\"},{\"@type\":\"ListItem\",\"position\":3,\"name\":\"Seafood\"}]},{\"@type\":\"WebSite\",\"@id\":\"https:\/\/www.ganymed-brasserie.de\/#website\",\"url\":\"https:\/\/www.ganymed-brasserie.de\/\",\"name\":\"Ganymed Brasserie\",\"description\":\"Vive la France am Schiffbauerdamm\",\"potentialAction\":[{\"@type\":\"SearchAction\",\"target\":{\"@type\":\"EntryPoint\",\"urlTemplate\":\"https:\/\/www.ganymed-brasserie.de\/?s={search_term_string}\"},\"query-input\":{\"@type\":\"PropertyValueSpecification\",\"valueRequired\":true,\"valueName\":\"search_term_string\"}}],\"inLanguage\":\"en-US\"}]}<\/script>\n<!-- \/ Yoast SEO plugin. -->","yoast_head_json":{"title":"Seafood - Ganymed Brasserie","robots":{"index":"index","follow":"follow","max-snippet":"max-snippet:-1","max-image-preview":"max-image-preview:large","max-video-preview":"max-video-preview:-1"},"canonical":"https:\/\/www.ganymed-brasserie.de\/en\/menu\/seafood\/","og_locale":"en_US","og_type":"article","og_title":"Seafood - Ganymed Brasserie","og_description":"[vc_row row_height_percent=&#8221;0&#8243; override_padding=&#8221;yes&#8221; h_padding=&#8221;2&#8243; top_padding=&#8221;3&#8243; bottom_padding=&#8221;3&#8243; overlay_alpha=&#8221;50&#8243; gutter_size=&#8221;3&#8243; column_width_percent=&#8221;100&#8243; shift_y=&#8221;0&#8243; z_index=&#8221;0&#8243;][vc_column width=&#8221;1\/6&#8243;][\/vc_column][vc_column column_width_percent=&#8221;100&#8243; align_horizontal=&#8221;align_center&#8221; gutter_size=&#8221;3&#8243; overlay_alpha=&#8221;50&#8243; shift_x=&#8221;0&#8243; shift_y=&#8221;0&#8243; shift_y_down=&#8221;0&#8243; z_index=&#8221;0&#8243; [&hellip;]","og_url":"https:\/\/www.ganymed-brasserie.de\/en\/menu\/seafood\/","og_site_name":"Ganymed Brasserie","article_modified_time":"2026-03-02T10:54:16+00:00","og_image":[{"width":2376,"height":1584,"url":"https:\/\/www.ganymed-brasserie.de\/wp-content\/uploads\/2022\/05\/hummerbox_selina_schrader-3.jpeg","type":"image\/jpeg"}],"twitter_card":"summary_large_image","twitter_misc":{"Est. reading time":"3 minutes"},"schema":{"@context":"https:\/\/schema.org","@graph":[{"@type":"WebPage","@id":"https:\/\/www.ganymed-brasserie.de\/en\/menu\/seafood\/","url":"https:\/\/www.ganymed-brasserie.de\/en\/menu\/seafood\/","name":"Seafood - Ganymed Brasserie","isPartOf":{"@id":"https:\/\/www.ganymed-brasserie.de\/#website"},"primaryImageOfPage":{"@id":"https:\/\/www.ganymed-brasserie.de\/en\/menu\/seafood\/#primaryimage"},"image":{"@id":"https:\/\/www.ganymed-brasserie.de\/en\/menu\/seafood\/#primaryimage"},"thumbnailUrl":"https:\/\/www.ganymed-brasserie.de\/wp-content\/uploads\/2022\/05\/hummerbox_selina_schrader-3.jpeg","datePublished":"2020-04-09T12:22:03+00:00","dateModified":"2026-03-02T10:54:16+00:00","breadcrumb":{"@id":"https:\/\/www.ganymed-brasserie.de\/en\/menu\/seafood\/#breadcrumb"},"inLanguage":"en-US","potentialAction":[{"@type":"ReadAction","target":["https:\/\/www.ganymed-brasserie.de\/en\/menu\/seafood\/"]}]},{"@type":"ImageObject","inLanguage":"en-US","@id":"https:\/\/www.ganymed-brasserie.de\/en\/menu\/seafood\/#primaryimage","url":"https:\/\/www.ganymed-brasserie.de\/wp-content\/uploads\/2022\/05\/hummerbox_selina_schrader-3.jpeg","contentUrl":"https:\/\/www.ganymed-brasserie.de\/wp-content\/uploads\/2022\/05\/hummerbox_selina_schrader-3.jpeg","width":2376,"height":1584},{"@type":"BreadcrumbList","@id":"https:\/\/www.ganymed-brasserie.de\/en\/menu\/seafood\/#breadcrumb","itemListElement":[{"@type":"ListItem","position":1,"name":"Startseite","item":"https:\/\/www.ganymed-brasserie.de\/en\/"},{"@type":"ListItem","position":2,"name":"Menu","item":"https:\/\/www.ganymed-brasserie.de\/en\/menu\/"},{"@type":"ListItem","position":3,"name":"Seafood"}]},{"@type":"WebSite","@id":"https:\/\/www.ganymed-brasserie.de\/#website","url":"https:\/\/www.ganymed-brasserie.de\/","name":"Ganymed Brasserie","description":"Vive la France am Schiffbauerdamm","potentialAction":[{"@type":"SearchAction","target":{"@type":"EntryPoint","urlTemplate":"https:\/\/www.ganymed-brasserie.de\/?s={search_term_string}"},"query-input":{"@type":"PropertyValueSpecification","valueRequired":true,"valueName":"search_term_string"}}],"inLanguage":"en-US"}]}},"_links":{"self":[{"href":"https:\/\/www.ganymed-brasserie.de\/en\/wp-json\/wp\/v2\/pages\/1564","targetHints":{"allow":["GET"]}}],"collection":[{"href":"https:\/\/www.ganymed-brasserie.de\/en\/wp-json\/wp\/v2\/pages"}],"about":[{"href":"https:\/\/www.ganymed-brasserie.de\/en\/wp-json\/wp\/v2\/types\/page"}],"author":[{"embeddable":true,"href":"https:\/\/www.ganymed-brasserie.de\/en\/wp-json\/wp\/v2\/users\/2"}],"replies":[{"embeddable":true,"href":"https:\/\/www.ganymed-brasserie.de\/en\/wp-json\/wp\/v2\/comments?post=1564"}],"version-history":[{"count":15,"href":"https:\/\/www.ganymed-brasserie.de\/en\/wp-json\/wp\/v2\/pages\/1564\/revisions"}],"predecessor-version":[{"id":5535,"href":"https:\/\/www.ganymed-brasserie.de\/en\/wp-json\/wp\/v2\/pages\/1564\/revisions\/5535"}],"up":[{"embeddable":true,"href":"https:\/\/www.ganymed-brasserie.de\/en\/wp-json\/wp\/v2\/pages\/1543"}],"wp:featuredmedia":[{"embeddable":true,"href":"https:\/\/www.ganymed-brasserie.de\/en\/wp-json\/wp\/v2\/media\/3517"}],"wp:attachment":[{"href":"https:\/\/www.ganymed-brasserie.de\/en\/wp-json\/wp\/v2\/media?parent=1564"}],"curies":[{"name":"wp","href":"https:\/\/api.w.org\/{rel}","templated":true}]}}